{"id":106,"date":"2025-10-29T16:01:15","date_gmt":"2025-10-29T16:01:15","guid":{"rendered":"https:\/\/dominiqueclement.fr\/?page_id=106"},"modified":"2025-10-29T16:01:15","modified_gmt":"2025-10-29T16:01:15","slug":"clarinettiste","status":"publish","type":"page","link":"https:\/\/dominiqueclement.fr\/index.php\/clarinettiste\/","title":{"rendered":"Clarinettiste"},"content":{"rendered":"\n[et_pb_section fb_built=&#8221;1&#8243; theme_builder_area=&#8221;post_content&#8221; _builder_version=&#8221;4.27.4&#8243; _module_preset=&#8221;default&#8221;][et_pb_row _builder_version=&#8221;4.27.4&#8243; _module_preset=&#8221;default&#8221; theme_builder_area=&#8221;post_content&#8221; column_structure=&#8221;1_2,1_2&#8243;][et_pb_column _builder_version=&#8221;4.27.4&#8243; _module_preset=&#8221;default&#8221; type=&#8221;1_2&#8243; theme_builder_area=&#8221;post_content&#8221;][et_pb_text _builder_version=&#8221;4.27.4&#8243; _module_preset=&#8221;default&#8221; theme_builder_area=&#8221;post_content&#8221; hover_enabled=&#8221;0&#8243; sticky_enabled=&#8221;0&#8243;]<p>Clarinettiste fran\u00e7ais, Dominique Cl\u00e9ment a \u00e9tudi\u00e9 l\u2019instrument au Conservatoire, avant de se consacrer tr\u00e8s t\u00f4t \u00e0 l\u2019exploration des musiques contemporaines et des \u00e9critures nouvelles. Sa pratique s\u2019\u00e9tend du r\u00e9pertoire classique \u00e0 la cr\u00e9ation la plus actuelle.\u00a0<\/p>\n<p>En 1983, il fonde avec Sylvie Drouin, Monica Jordan, Fran\u00e7oise Matringe et Christophe Roy <strong data-start=\"755\" data-end=\"775\">l\u2019Ensemble Aleph<\/strong>, formation d\u00e9di\u00e9e \u00e0 la musique de notre temps. Au sein de cet ensemble, il participe \u00e0 de nombreuses cr\u00e9ations en France et \u00e0 l\u2019\u00e9tranger \u2014 notamment en Finlande, au Br\u00e9sil, et dans de nombreux festivals tels que Musica (Strasbourg), Pr\u00e9sences (Radio-France) ou Sons d\u2019Hiver (Ivry).<\/p>\n<p>Musicien exigeant et p\u00e9dagogue passionn\u00e9, Dominique Cl\u00e9ment a enseign\u00e9 la clarinette, la musique d\u2019ensemble et la musique contemporaine \u00e0 l\u2019E.N.M.D. de Chalon-sur-Sa\u00f4ne, puis au <strong data-start=\"1583\" data-end=\"1594\">Cefedem<\/strong> et au <strong data-start=\"1601\" data-end=\"1668\">Conservatoire National Sup\u00e9rieur de Musique et de Danse de Lyon<\/strong>.<\/p>\n<p>&nbsp;<\/p>[\/et_pb_text][\/et_pb_column][et_pb_column _builder_version=&#8221;4.27.4&#8243; _module_preset=&#8221;default&#8221; type=&#8221;1_2&#8243; theme_builder_area=&#8221;post_content&#8221;][et_pb_image src=&#8221;http:\/\/dominiqueclement.fr\/wp-content\/uploads\/2025\/10\/dominique-clement.jpg&#8221; _builder_version=&#8221;4.27.4&#8243; _module_preset=&#8221;default&#8221; theme_builder_area=&#8221;post_content&#8221; title_text=&#8221;dominique clement&#8221; hover_enabled=&#8221;0&#8243; sticky_enabled=&#8221;0&#8243;][\/et_pb_image][\/et_pb_column][\/et_pb_row][\/et_pb_section]\n","protected":false},"excerpt":{"rendered":"<p>Clarinettiste fran\u00e7ais, Dominique Cl\u00e9ment a \u00e9tudi\u00e9 l\u2019instrument au Conservatoire, avant de se consacrer tr\u00e8s t\u00f4t \u00e0 l\u2019exploration des musiques contemporaines et des \u00e9critures nouvelles. Sa pratique s\u2019\u00e9tend du r\u00e9pertoire classique \u00e0 la cr\u00e9ation la plus actuelle.\u00a0 En 1983, il fonde avec Sylvie Drouin, Monica Jordan, Fran\u00e7oise Matringe et Christophe Roy l\u2019Ensemble Aleph, formation d\u00e9di\u00e9e \u00e0 [&hellip;]<\/p>\n","protected":false},"author":2,"featured_media":0,"parent":0,"menu_order":0,"comment_status":"closed","ping_status":"closed","template":"","meta":{"_et_pb_use_builder":"on","_et_pb_old_content":"","_et_gb_content_width":"","footnotes":""},"class_list":["post-106","page","type-page","status-publish","hentry"],"_links":{"self":[{"href":"https:\/\/dominiqueclement.fr\/index.php\/wp-json\/wp\/v2\/pages\/106","targetHints":{"allow":["GET"]}}],"collection":[{"href":"https:\/\/dominiqueclement.fr\/index.php\/wp-json\/wp\/v2\/pages"}],"about":[{"href":"https:\/\/dominiqueclement.fr\/index.php\/wp-json\/wp\/v2\/types\/page"}],"author":[{"embeddable":true,"href":"https:\/\/dominiqueclement.fr\/index.php\/wp-json\/wp\/v2\/users\/2"}],"replies":[{"embeddable":true,"href":"https:\/\/dominiqueclement.fr\/index.php\/wp-json\/wp\/v2\/comments?post=106"}],"version-history":[{"count":3,"href":"https:\/\/dominiqueclement.fr\/index.php\/wp-json\/wp\/v2\/pages\/106\/revisions"}],"predecessor-version":[{"id":112,"href":"https:\/\/dominiqueclement.fr\/index.php\/wp-json\/wp\/v2\/pages\/106\/revisions\/112"}],"wp:attachment":[{"href":"https:\/\/dominiqueclement.fr\/index.php\/wp-json\/wp\/v2\/media?parent=106"}],"curies":[{"name":"wp","href":"https:\/\/api.w.org\/{rel}","templated":true}]}}