{"id":115,"date":"2025-10-29T16:08:43","date_gmt":"2025-10-29T16:08:43","guid":{"rendered":"https:\/\/dominiqueclement.fr\/?page_id=115"},"modified":"2025-10-29T16:09:48","modified_gmt":"2025-10-29T16:09:48","slug":"compositeur-2","status":"publish","type":"page","link":"https:\/\/dominiqueclement.fr\/index.php\/compositeur-2\/","title":{"rendered":"Compositeur"},"content":{"rendered":"<p>[et_pb_section fb_built=&#8221;1&#8243; _builder_version=&#8221;4.27.4&#8243; _module_preset=&#8221;default&#8221; global_colors_info=&#8221;{}&#8221;][et_pb_row column_structure=&#8221;1_2,1_2&#8243; _builder_version=&#8221;4.27.4&#8243; _module_preset=&#8221;default&#8221; global_colors_info=&#8221;{}&#8221;][et_pb_column type=&#8221;1_2&#8243; _builder_version=&#8221;4.27.4&#8243; _module_preset=&#8221;default&#8221; global_colors_info=&#8221;{}&#8221;][et_pb_text _builder_version=&#8221;4.27.4&#8243; _module_preset=&#8221;default&#8221; global_colors_info=&#8221;{}&#8221;]<\/p>\n<div class=\"prose prose-shade max-w-none text-mobile-lg prose-headings:font-sans prose-h1:text-mobile-3xl prose-h2:text-mobile-2xl prose-h3:text-mobile-xl prose-a:no-underline hover:prose-a:text-primary-300 prose-figcaption:m-0 prose-figcaption:font-sans prose-figcaption:text-base prose-figcaption:font-semibold prose-pre:whitespace-pre-wrap prose-pre:text-base prose-pre:bg-shade-100 prose-pre:text-shade-800 md:prose-h1:text-3xl md:prose-h2:text-2xl md:prose-h3:text-xl  lg:text-lg font-serif mt-4 text-justify text-sm\">\n<p>Compositeur fran\u00e7ais n\u00e9 en 1959, Dominique Cl\u00e9ment a \u00e9tudi\u00e9 la clarinette, l&#8217;analyse, l&#8217;harmonie et le contrepoint ancien, mais se consid\u00e8re comme un compositeur autodidacte.<\/p>\n<p>Avec Sylvie Drouin (pianiste), Monica Jordan (soprano), Fran\u00e7oise Matringe (pianiste)et Christophe Roy (violoncelliste),il fonde l&#8217;Ensemble Aleph en 1983, ensemble qui joue sa premi\u00e8re oeuvre <em>les Quatre Fascinants<\/em> en 1989, puis \u00e0 plusieurs reprises en France et au Br\u00e9sil.<\/p>\n<p>Depuis, Dominique Cl\u00e9ment a principalement compos\u00e9 des oeuvres de musique de chambre : <em>La Boucle<\/em> pour clarinette et piano, <em>Chaud-Froid<\/em> pour clarinette, <em>Trois petits choeurs<\/em> pour quinze voix d&#8217;enfants, <em>Cinq pi\u00e8ces<\/em> pour quatre hautbois, trois cors anglais et deux bassons, <em>Didyme<\/em> pour violoncelle, l&#8217;<em>Almanach du P\u00e8re Ubu<\/em> pour voix, violoncelle, contrebasse, clarinette contrebasse, accord\u00e9on, \u00e9chantillonneur, piano et percussions ; il \u00e9crit aussi la musique des spectacles de la chor\u00e9graphe Sophie Mathey, en particulier celle de <em>Feuilleton<\/em> pour six danseurs et l&#8217;Ensemble Aleph, dont le journaliste Dominique Druhen remarque la \u00abr\u00e9ussite de finesse et d&#8217;invention de la partition\u00bb (in Monde de la Musique, Janvier 1994).<\/p>\n<p>Il poursuit sa collaboration avec la chor\u00e9graphe Sophie Mathey avec \u00abTrois Histoires naturelles\u00bb, \u00abVari\u00e9t\u00e9s de Printemps\u00bb et \u00abUne Danse, une structure\u00bb et \u00abLa Veuve de Robespierre s&#8217;ennuie\u00bb en co\u00e9criture avec l&#8217;\u00e9crivain Liliane Giraudon (cr\u00e9ation au Th\u00e9\u00e2tre Dunois en octobre 1999). Il a obtenu une commande d&#8217;\u00e9tat pour l&#8217;\u00e9criture musicale du spectacle \u00abCorrida\u00bb (cr\u00e9ation en Mai 2001 \u00e0 Vandoeuvre Les Nancy.<\/p>\n<p>Dominique Clement \u00e9labore son langage musical gr\u00e2ce \u00e0 la lecture de po\u00e8tes et romanciers tels que Claude Simon, Georges Perec, Jean-Jacques Viton ou Jean-Jacques Roubaud.<\/p>\n<p>Ses oeuvres ont \u00e9t\u00e9 jou\u00e9es dans plusieurs festivals : Musicavoix (Evreux), Musica Nova (Br\u00e9sil), Pr\u00e9sence (Radio-France), Musica (Strasbourg), Time of Music (Finlande), Octobre en Normandie (Rouen), Sons d&#8217;Hiver (Ivry)&#8230; ainsi que dans des structures comme La P\u00e9niche Op\u00e9ra, le Th\u00e9\u00e2tre Dunois&#8230;<\/p>\n<p>Outre son activit\u00e9 de compositeur, Dominique Cl\u00e9ment a enseign\u00e9 \u00e0 l&#8217;E.N.M.D de Chalon-sur-Sa\u00f4ne de 1979 \u00e0 2000. Il enseigne actuellement au CEFEDEM de Lyon et au CNSM de Lyon. Il a \u00e9galement encadr\u00e9 de nombreux stages sur la musique contemporaine, la musique d&#8217;ensemble, le rythme, la composition (Formation continue Bourgogne, Rh\u00f4ne-Alpes, CFMI de Selestat, Cefedem de Poitiers, Ecole Sup\u00e9rieure des Beaux Arts de Tours, Centre National de Danse Contemporaine d&#8217;Angers&#8230;)<\/p>\n<\/div>\n<p>.<\/p>\n<p>[\/et_pb_text][\/et_pb_column][et_pb_column type=&#8221;1_2&#8243; _builder_version=&#8221;4.27.4&#8243; _module_preset=&#8221;default&#8221; global_colors_info=&#8221;{}&#8221;][et_pb_image src=&#8221;http:\/\/dominiqueclement.fr\/wp-content\/uploads\/2025\/10\/compositeur.jpg&#8221; title_text=&#8221;compositeur&#8221; _builder_version=&#8221;4.27.4&#8243; _module_preset=&#8221;default&#8221; global_colors_info=&#8221;{}&#8221;][\/et_pb_image][et_pb_image src=&#8221;http:\/\/dominiqueclement.fr\/wp-content\/uploads\/2025\/10\/compositeur-detail.jpg&#8221; title_text=&#8221;compositeur detail&#8221; _builder_version=&#8221;4.27.4&#8243; _module_preset=&#8221;default&#8221; global_colors_info=&#8221;{}&#8221;][\/et_pb_image][\/et_pb_column][\/et_pb_row][\/et_pb_section]<\/p>\n","protected":false},"excerpt":{"rendered":"<p>Compositeur fran\u00e7ais n\u00e9 en 1959, Dominique Cl\u00e9ment a \u00e9tudi\u00e9 la clarinette, l&#8217;analyse, l&#8217;harmonie et le contrepoint ancien, mais se consid\u00e8re comme un compositeur autodidacte. Avec Sylvie Drouin (pianiste), Monica Jordan (soprano), Fran\u00e7oise Matringe (pianiste)et Christophe Roy (violoncelliste),il fonde l&#8217;Ensemble Aleph en 1983, ensemble qui joue sa premi\u00e8re oeuvre les Quatre Fascinants en 1989, puis \u00e0 [&hellip;]<\/p>\n","protected":false},"author":2,"featured_media":0,"parent":0,"menu_order":0,"comment_status":"closed","ping_status":"closed","template":"","meta":{"_et_pb_use_builder":"on","_et_pb_old_content":"","_et_gb_content_width":"","footnotes":""},"class_list":["post-115","page","type-page","status-publish","hentry"],"_links":{"self":[{"href":"https:\/\/dominiqueclement.fr\/index.php\/wp-json\/wp\/v2\/pages\/115","targetHints":{"allow":["GET"]}}],"collection":[{"href":"https:\/\/dominiqueclement.fr\/index.php\/wp-json\/wp\/v2\/pages"}],"about":[{"href":"https:\/\/dominiqueclement.fr\/index.php\/wp-json\/wp\/v2\/types\/page"}],"author":[{"embeddable":true,"href":"https:\/\/dominiqueclement.fr\/index.php\/wp-json\/wp\/v2\/users\/2"}],"replies":[{"embeddable":true,"href":"https:\/\/dominiqueclement.fr\/index.php\/wp-json\/wp\/v2\/comments?post=115"}],"version-history":[{"count":4,"href":"https:\/\/dominiqueclement.fr\/index.php\/wp-json\/wp\/v2\/pages\/115\/revisions"}],"predecessor-version":[{"id":122,"href":"https:\/\/dominiqueclement.fr\/index.php\/wp-json\/wp\/v2\/pages\/115\/revisions\/122"}],"wp:attachment":[{"href":"https:\/\/dominiqueclement.fr\/index.php\/wp-json\/wp\/v2\/media?parent=115"}],"curies":[{"name":"wp","href":"https:\/\/api.w.org\/{rel}","templated":true}]}}